{"id":13,"date":"2020-08-24T20:20:39","date_gmt":"2020-08-24T20:20:39","guid":{"rendered":"http:\/\/jung-wildbret.de\/?page_id=13"},"modified":"2021-03-19T21:04:53","modified_gmt":"2021-03-19T20:04:53","slug":"ueber-mich","status":"publish","type":"page","link":"http:\/\/jung-wildbret.de\/?page_id=13","title":{"rendered":"\u00dcber mich&#8230;"},"content":{"rendered":"\t\t<div data-elementor-type=\"wp-page\" data-elementor-id=\"13\" class=\"elementor elementor-13\">\n\t\t\t\t\t\t<section class=\"elementor-section elementor-top-section elementor-element elementor-element-83f0c14 elementor-section-boxed elementor-section-height-default elementor-section-height-default\" data-id=\"83f0c14\" data-element_type=\"section\" data-e-type=\"section\">\n\t\t\t\t\t\t<div class=\"elementor-container elementor-column-gap-default\">\n\t\t\t\t\t<div class=\"elementor-column elementor-col-33 elementor-top-column elementor-element elementor-element-60ea0cb\" data-id=\"60ea0cb\" data-element_type=\"column\" data-e-type=\"column\">\n\t\t\t<div class=\"elementor-widget-wrap elementor-element-populated\">\n\t\t\t\t\t\t<div class=\"elementor-element elementor-element-0424ec2 elementor-widget elementor-widget-image\" data-id=\"0424ec2\" data-element_type=\"widget\" data-e-type=\"widget\" data-widget_type=\"image.default\">\n\t\t\t\t<div class=\"elementor-widget-container\">\n\t\t\t\t\t\t\t\t\t\t\t\t\t\t\t<img fetchpriority=\"high\" decoding=\"async\" width=\"640\" height=\"640\" src=\"http:\/\/jung-wildbret.de\/wp-content\/uploads\/2021\/01\/Jaeger_Oli.jpg\" class=\"attachment-large size-large wp-image-71\" alt=\"\" srcset=\"http:\/\/jung-wildbret.de\/wp-content\/uploads\/2021\/01\/Jaeger_Oli.jpg 640w, http:\/\/jung-wildbret.de\/wp-content\/uploads\/2021\/01\/Jaeger_Oli-300x300.jpg 300w, http:\/\/jung-wildbret.de\/wp-content\/uploads\/2021\/01\/Jaeger_Oli-150x150.jpg 150w\" sizes=\"(max-width: 640px) 100vw, 640px\" \/>\t\t\t\t\t\t\t\t\t\t\t\t\t\t\t<\/div>\n\t\t\t\t<\/div>\n\t\t\t\t\t<\/div>\n\t\t<\/div>\n\t\t\t\t<div class=\"elementor-column elementor-col-66 elementor-top-column elementor-element elementor-element-af11332\" data-id=\"af11332\" data-element_type=\"column\" data-e-type=\"column\">\n\t\t\t<div class=\"elementor-widget-wrap elementor-element-populated\">\n\t\t\t\t\t\t<div class=\"elementor-element elementor-element-457e036 elementor-widget elementor-widget-text-editor\" data-id=\"457e036\" data-element_type=\"widget\" data-e-type=\"widget\" data-widget_type=\"text-editor.default\">\n\t\t\t\t<div class=\"elementor-widget-container\">\n\t\t\t\t\t\t\t\t\t<p class=\"MsoNormal\" style=\"margin: 0cm; font-size: medium; font-family: Calibri, sans-serif; caret-color: #000000; color: #000000; font-style: normal; font-variant-caps: normal;\">Hallo,<\/p>\n<p class=\"MsoNormal\" style=\"margin: 0cm; font-size: medium; font-family: Calibri, sans-serif; caret-color: #000000; color: #000000; font-style: normal; font-variant-caps: normal;\">\n<\/p><p class=\"MsoNormal\" style=\"margin: 0cm; font-size: medium; font-family: Calibri, sans-serif; caret-color: #000000; color: #000000; font-style: normal; font-variant-caps: normal;\">mein Name ist Oliver. Nach vielen tollen und erfahrungsreichen Auslandsjahren habe ich mich vor 5 Jahren im sch\u00f6nen Schwarzwald niedergelassen und mein Zuhause gefunden.<\/p>\n<p class=\"MsoNormal\" style=\"margin: 0cm; font-size: medium; font-family: Calibri, sans-serif; caret-color: #000000; color: #000000; font-style: normal; font-variant-caps: normal;\">\n<\/p><p class=\"MsoNormal\" style=\"margin: 0cm; font-size: medium; font-family: Calibri, sans-serif; caret-color: #000000; color: #000000; font-style: normal; font-variant-caps: normal;\">Wenn ich mich beschreiben m\u00fcsste, w\u00fcrde das wohl am ehesten mit den Worten meines besten Freundes gelingen: \u201eder Gschwind\u201c, was im S\u00fcddeutschen Raum soviel wie \u201eschnell mal\u201c bedeutet. Warum ich diesen Spitznamen verpasst bekommen habe? Naja, wahrscheinlich weil bei mir alles schnell gehen muss. Sobald ich wieder eine neue Idee im Kopf habe (das k\u00f6nnen gerne auch mal zwei oder drei gleichzeitig sein) m\u00f6chte ich diese umsetzen und am besten alles \u201egschwind\u201c mal. So bleibt es nicht aus, dass meine Freunde in regelm\u00e4\u00dfigen Abst\u00e4nden Hilfesuchende Anrufe erhalten mit der Bitte: \u201eKannst du mir mal gschwind helfen? Geht auch ganz schnell!!!\u201c<\/p>\n<p class=\"MsoNormal\" style=\"margin: 0cm; font-size: medium; font-family: Calibri, sans-serif; caret-color: #000000; color: #000000; font-style: normal; font-variant-caps: normal;\">\n<\/p><p class=\"MsoNormal\" style=\"margin: 0cm; font-size: medium; font-family: Calibri, sans-serif; caret-color: #000000; color: #000000; font-style: normal; font-variant-caps: normal;\">Als Ausgleich habe ich vor einigen Jahren ein Hobby gesucht welches mich erden und zur Ruhe bringen sollte. Gefunden habe ich dies alles in der Jagd.<\/p>\n<p class=\"MsoNormal\" style=\"margin: 0cm; font-size: medium; font-family: Calibri, sans-serif; caret-color: #000000; color: #000000; font-style: normal; font-variant-caps: normal;\">\n<\/p><p class=\"MsoNormal\" style=\"margin: 0cm; font-size: medium; font-family: Calibri, sans-serif; caret-color: #000000; color: #000000; font-style: normal; font-variant-caps: normal;\">Jagd bedeutet f\u00fcr mich Balance zu finden, Ausgleich zu meinem stressigen Alltag. In der Natur finde ich die pure Erdung und Entschleunigung. In v\u00f6lliger Ruhe auf meinem Hochsitz den Sonnenauf- oder untergang zu erleben ist ein magisches Erlebnis.<\/p>\n<p class=\"MsoNormal\" style=\"margin: 0cm; font-size: medium; font-family: Calibri, sans-serif; caret-color: #000000; color: #000000; font-style: normal; font-variant-caps: normal;\">Im Genu\u00df dieser Ruhe betreibe ich Jagd. Hier geht es mir nicht darum m\u00f6glichst schnell einen Jagderfolg zu erzielen, sondern Hege ganzheitlich und w\u00fcrdevoll zu betreiben. Im Eins mit der Natur sein. Und wenn dabei ein gutes St\u00fcck Fleisch mit nach Hause kommt, dann freue ich mich umso mehr.&nbsp;<\/p>\n<p class=\"MsoNormal\" style=\"margin: 0cm; font-size: medium; font-family: Calibri, sans-serif; caret-color: #000000; color: #000000; font-style: normal; font-variant-caps: normal;\">\n<\/p><p class=\"MsoNormal\" style=\"margin: 0cm; font-size: medium; font-family: Calibri, sans-serif; caret-color: #000000; color: #000000; font-style: normal; font-variant-caps: normal;\">Auf dieser Seite m\u00f6chte ich euch teilhaben lassen an meinen Jagdmomenten, Anregung geben f\u00fcr die ganzheitliche Verwertung und das ein oder andere Wildrezept mit euch teilen.<\/p>\n<p class=\"MsoNormal\" style=\"margin: 0cm; font-size: medium; font-family: Calibri, sans-serif; caret-color: #000000; color: #000000; font-style: normal; font-variant-caps: normal;\">\n<\/p><p class=\"MsoNormal\" style=\"margin: 0cm; font-size: medium; font-family: Calibri, sans-serif; caret-color: #000000; color: #000000; font-style: normal; font-variant-caps: normal;\">Viel Freude dabei!<\/p>\t\t\t\t\t\t\t\t<\/div>\n\t\t\t\t<\/div>\n\t\t\t\t\t<\/div>\n\t\t<\/div>\n\t\t\t\t\t<\/div>\n\t\t<\/section>\n\t\t\t\t<section class=\"elementor-section elementor-top-section elementor-element elementor-element-6c1ca1a5 elementor-section-boxed elementor-section-height-default elementor-section-height-default\" data-id=\"6c1ca1a5\" data-element_type=\"section\" data-e-type=\"section\">\n\t\t\t\t\t\t<div class=\"elementor-container elementor-column-gap-default\">\n\t\t\t\t\t<div class=\"elementor-column elementor-col-100 elementor-top-column elementor-element elementor-element-053c6f7\" data-id=\"053c6f7\" data-element_type=\"column\" data-e-type=\"column\">\n\t\t\t<div class=\"elementor-widget-wrap\">\n\t\t\t\t\t\t\t<\/div>\n\t\t<\/div>\n\t\t\t\t\t<\/div>\n\t\t<\/section>\n\t\t\t\t<\/div>\n\t\t","protected":false},"excerpt":{"rendered":"<p>Hallo, mein Name ist Oliver. Nach vielen tollen und erfahrungsreichen Auslandsjahren habe ich mich vor 5 Jahren im sch\u00f6nen Schwarzwald niedergelassen und mein Zuhause gefunden. Wenn ich mich beschreiben m\u00fcsste, w\u00fcrde das wohl am ehesten mit den Worten meines besten<\/p>\n","protected":false},"author":1,"featured_media":0,"parent":0,"menu_order":0,"comment_status":"closed","ping_status":"closed","template":"","meta":{"footnotes":""},"class_list":["post-13","page","type-page","status-publish","hentry"],"_links":{"self":[{"href":"http:\/\/jung-wildbret.de\/index.php?rest_route=\/wp\/v2\/pages\/13","targetHints":{"allow":["GET"]}}],"collection":[{"href":"http:\/\/jung-wildbret.de\/index.php?rest_route=\/wp\/v2\/pages"}],"about":[{"href":"http:\/\/jung-wildbret.de\/index.php?rest_route=\/wp\/v2\/types\/page"}],"author":[{"embeddable":true,"href":"http:\/\/jung-wildbret.de\/index.php?rest_route=\/wp\/v2\/users\/1"}],"replies":[{"embeddable":true,"href":"http:\/\/jung-wildbret.de\/index.php?rest_route=%2Fwp%2Fv2%2Fcomments&post=13"}],"version-history":[{"count":20,"href":"http:\/\/jung-wildbret.de\/index.php?rest_route=\/wp\/v2\/pages\/13\/revisions"}],"predecessor-version":[{"id":267,"href":"http:\/\/jung-wildbret.de\/index.php?rest_route=\/wp\/v2\/pages\/13\/revisions\/267"}],"wp:attachment":[{"href":"http:\/\/jung-wildbret.de\/index.php?rest_route=%2Fwp%2Fv2%2Fmedia&parent=13"}],"curies":[{"name":"wp","href":"https:\/\/api.w.org\/{rel}","templated":true}]}}