{"id":150,"date":"2021-01-09T01:50:00","date_gmt":"2021-01-09T00:50:00","guid":{"rendered":"http:\/\/jung-wildbret.de\/?page_id=150"},"modified":"2021-01-09T01:55:08","modified_gmt":"2021-01-09T00:55:08","slug":"nuetzliches","status":"publish","type":"page","link":"http:\/\/jung-wildbret.de\/?page_id=150","title":{"rendered":"N\u00fctzliches"},"content":{"rendered":"\t\t<div data-elementor-type=\"wp-page\" data-elementor-id=\"150\" class=\"elementor elementor-150\">\n\t\t\t\t\t\t<section class=\"elementor-section elementor-top-section elementor-element elementor-element-7092bce7 elementor-section-boxed elementor-section-height-default elementor-section-height-default\" data-id=\"7092bce7\" data-element_type=\"section\" data-e-type=\"section\">\n\t\t\t\t\t\t<div class=\"elementor-container elementor-column-gap-default\">\n\t\t\t\t\t<div class=\"elementor-column elementor-col-100 elementor-top-column elementor-element elementor-element-7366168d\" data-id=\"7366168d\" data-element_type=\"column\" data-e-type=\"column\">\n\t\t\t<div class=\"elementor-widget-wrap elementor-element-populated\">\n\t\t\t\t\t\t<div class=\"elementor-element elementor-element-1d3dd44d elementor-widget elementor-widget-text-editor\" data-id=\"1d3dd44d\" data-element_type=\"widget\" data-e-type=\"widget\" data-widget_type=\"text-editor.default\">\n\t\t\t\t<div class=\"elementor-widget-container\">\n\t\t\t\t\t\t\t\t\t<p><\/p>\n<p>Hier ein paar interessante Links.<\/p>\n<p><\/p>\n<figure>\n<table>\n<tbody>\n<tr>\n<td><img fetchpriority=\"high\" decoding=\"async\" style=\"font-size: 16px;\" src=\"https:\/\/www.landesjagdverband.de\/typo3conf\/ext\/jw14502ljv\/Resources\/Public\/Images\/logo.png\" alt=\"Logo LandesJagdVerband\" width=\"595\" height=\"97\" \/><\/td>\n<td>\u00a0<a href=\"https:\/\/www.landesjagdverband.de\" target=\"_blank\" rel=\"noopener\">www.landesjagdverband.de<\/a><\/td>\n<\/tr>\n<tr>\n<td>\u00a0<img decoding=\"async\" style=\"caret-color: #000000; color: #000000; font-size: 16px;\" src=\"http:\/\/www.jagdkurse.de\/templates\/jagdschule-home\/images\/logo-eule.png\" alt=\"Jagdschule Simon &amp; Eberle\" width=\"115\" height=\"115\" \/><\/td>\n<td><a href=\"http:\/\/www.jagdkurse.de\" target=\"_blank\" rel=\"noopener\">www.jagdkurse.de<\/a>\u00a0<\/td>\n<\/tr>\n<tr>\n<td>\u00a0<\/td>\n<td>\u00a0<\/td>\n<\/tr>\n<tr>\n<td>\u00a0<\/td>\n<td>\u00a0<\/td>\n<\/tr>\n<tr>\n<td>\u00a0<\/td>\n<td>\u00a0<\/td>\n<\/tr>\n<tr>\n<td>\u00a0<\/td>\n<td>\u00a0<\/td>\n<\/tr>\n<tr>\n<td>\u00a0<\/td>\n<td>\u00a0<\/td>\n<\/tr>\n<tr>\n<td>\u00a0<\/td>\n<td>\u00a0<\/td>\n<\/tr>\n<tr>\n<td>\u00a0<\/td>\n<td>\u00a0<\/td>\n<\/tr>\n<tr>\n<td>\u00a0<\/td>\n<td>\u00a0<\/td>\n<\/tr>\n<\/tbody>\n<\/table>\n<\/figure>\n<p><\/p>\n<p><\/p>\n<p>Unser Angebot enth\u00e4lt Links zu externen Websites Dritter, auf deren Inhalte wir keinen Einfluss haben. Deshalb k\u00f6nnen wir f\u00fcr diese fremden Inhalte auch keine Gew\u00e4hr \u00fcbernehmen. F\u00fcr die Inhalte der verlinkten Seiten ist stets der jeweilige Anbieter oder Betreiber der Seiten verantwortlich. Die verlinkten Seiten wurden zum Zeitpunkt der Verlinkung auf m\u00f6gliche Rechtsverst\u00f6\u00dfe \u00fcberpr\u00fcft. Rechtswidrige Inhalte waren zum Zeitpunkt der Verlinkung nicht erkennbar.<\/p>\n<p><\/p>\n<p>Eine permanente inhaltliche Kontrolle der verlinkten Seiten ist jedoch ohne konkrete Anhaltspunkte einer Rechtsverletzung nicht zumutbar. Bei Bekanntwerden von Rechtsverletzungen werden wir derartige Links umgehend entfernen.<\/p>\n<p><\/p>\t\t\t\t\t\t\t\t<\/div>\n\t\t\t\t<\/div>\n\t\t\t\t\t<\/div>\n\t\t<\/div>\n\t\t\t\t\t<\/div>\n\t\t<\/section>\n\t\t\t\t<\/div>\n\t\t","protected":false},"excerpt":{"rendered":"<p>Hier ein paar interessante Links. \u00a0www.landesjagdverband.de \u00a0 www.jagdkurse.de\u00a0 \u00a0 \u00a0 \u00a0 \u00a0 \u00a0 \u00a0 \u00a0 \u00a0 \u00a0 \u00a0 \u00a0 \u00a0 \u00a0 \u00a0 \u00a0 \u00a0 Unser Angebot enth\u00e4lt Links zu externen Websites Dritter, auf deren Inhalte wir keinen Einfluss haben. Deshalb<\/p>\n","protected":false},"author":1,"featured_media":0,"parent":0,"menu_order":0,"comment_status":"closed","ping_status":"closed","template":"","meta":{"footnotes":""},"class_list":["post-150","page","type-page","status-publish","hentry"],"_links":{"self":[{"href":"http:\/\/jung-wildbret.de\/index.php?rest_route=\/wp\/v2\/pages\/150","targetHints":{"allow":["GET"]}}],"collection":[{"href":"http:\/\/jung-wildbret.de\/index.php?rest_route=\/wp\/v2\/pages"}],"about":[{"href":"http:\/\/jung-wildbret.de\/index.php?rest_route=\/wp\/v2\/types\/page"}],"author":[{"embeddable":true,"href":"http:\/\/jung-wildbret.de\/index.php?rest_route=\/wp\/v2\/users\/1"}],"replies":[{"embeddable":true,"href":"http:\/\/jung-wildbret.de\/index.php?rest_route=%2Fwp%2Fv2%2Fcomments&post=150"}],"version-history":[{"count":7,"href":"http:\/\/jung-wildbret.de\/index.php?rest_route=\/wp\/v2\/pages\/150\/revisions"}],"predecessor-version":[{"id":157,"href":"http:\/\/jung-wildbret.de\/index.php?rest_route=\/wp\/v2\/pages\/150\/revisions\/157"}],"wp:attachment":[{"href":"http:\/\/jung-wildbret.de\/index.php?rest_route=%2Fwp%2Fv2%2Fmedia&parent=150"}],"curies":[{"name":"wp","href":"https:\/\/api.w.org\/{rel}","templated":true}]}}